{"id":345,"date":"2017-01-09T23:14:25","date_gmt":"2017-01-09T23:14:25","guid":{"rendered":"http:\/\/localhost\/construction\/?page_id=7"},"modified":"2018-02-15T18:58:08","modified_gmt":"2018-02-15T21:58:08","slug":"postventa","status":"publish","type":"page","link":"https:\/\/www.rentalpowerargentina.com\/rental\/postventa\/","title":{"rendered":"Servicio T\u00e9cnico"},"content":{"rendered":"<p>[vc_row][vc_column][construction_custom_heading heading_weight=&#8221;theme_default&#8221; heading_transform=&#8221;uppercase&#8221; heading_alignnment=&#8221;left&#8221; heading_tag=&#8221;h2&#8243; heading_color_type=&#8221;normal&#8221; heading_icon_switch=&#8221;no&#8221; heading_title=&#8221;Satisfacer, Optimizar, Crecer Juntos&#8221; heading_size=&#8221;50&#8243; custom_class=&#8221;fancy_heading_bottom&#8221;][vc_empty_space][vc_column_text]Entre los objetivos, est\u00e1 el de satisfacer las necesidades de cualquier cliente que se encuentre en una obra o industria, optimizando el uso de recursos econ\u00f3micos y tiempo, para lo cual contamos con una amplia gama de productos y servicios de gran calidad y asesoramiento profesional altamente capacitado.<\/p>\n<p>Gracias a una r\u00e1pida y personalizada atenci\u00f3n, servicio de entregas programadas y gestiones de cobro a domicilio, se busca estar siempre m\u00e1s cerca de los clientes en el momento en que lo requieran.<br \/>\nAdem\u00e1s de los tradicionales alquiler y venta de m\u00e1quinas y andamios, la apuesta es brindar al cliente una amplia variedad de servicios que nos distinguen y confirman nuestro compromiso. Para ello, Rental Power Argentina afianz\u00f3 las \u00e1reas existentes y se uni\u00f3 a\u00a0<strong><span style=\"color: #ff0000;\">Grupo Romeco<\/span><\/strong>, que comercializa y representa marcas de primer nivel como Wacker Neuson, Chicago Neumatic, Karcher.<\/p>\n<p>Esto le asegura a los potenciales clientes un excelente servicio de post-venta para el nivel de m\u00e1quinas que representamos en el pa\u00eds. El equipo t\u00e9cnico, mano de obra 100% local, ha sido capacitado con cursos en f\u00e1bricas de Alemania, Austria y Estados Unidos, lo que garantiza justamente ese excelente servicio postventa.<\/p>\n<p>A fin de optimizar los tiempos de trabajo, se han implementado visitas a obras, para asesorar al cliente acerca de qu\u00e9 m\u00e1quina o servicio le conviene para el trabajo en cuesti\u00f3n y al mismo tiempo brindamos capacitaciones y cursos de manejo de maquinarias, normas de seguridad en obras, con personal especializado.[\/vc_column_text][construction_custom_heading heading_weight=&#8221;theme_default&#8221; heading_transform=&#8221;none&#8221; heading_alignnment=&#8221;left&#8221; heading_tag=&#8221;h2&#8243; heading_color_type=&#8221;normal&#8221; heading_icon_switch=&#8221;no&#8221; heading_title=&#8221;Ponte en contacto con nosotros&#8221; heading_size=&#8221;50&#8243; custom_class=&#8221;fancy_heading_bottom&#8221;]\n<div class=\"wpcf7 no-js\" id=\"wpcf7-f688-o1\" lang=\"en-US\" dir=\"ltr\" data-wpcf7-id=\"688\">\n<div class=\"screen-reader-response\"><p role=\"status\" aria-live=\"polite\" aria-atomic=\"true\"><\/p> <ul><\/ul><\/div>\n<form action=\"\/rental\/wp-json\/wp\/v2\/pages\/345#wpcf7-f688-o1\" method=\"post\" class=\"wpcf7-form init\" aria-label=\"Contact form\" novalidate=\"novalidate\" data-status=\"init\">\n<fieldset class=\"hidden-fields-container\"><input type=\"hidden\" name=\"_wpcf7\" value=\"688\" \/><input type=\"hidden\" name=\"_wpcf7_version\" value=\"6.1.5\" \/><input type=\"hidden\" name=\"_wpcf7_locale\" value=\"en_US\" \/><input type=\"hidden\" name=\"_wpcf7_unit_tag\" value=\"wpcf7-f688-o1\" \/><input type=\"hidden\" name=\"_wpcf7_container_post\" value=\"0\" \/><input type=\"hidden\" name=\"_wpcf7_posted_data_hash\" value=\"\" \/>\n<\/fieldset>\n<div class=\"col-sm-6 col-xs-12 first\">\n\t<p><label>Su Nombre<\/label><br \/>\n<span class=\"wpcf7-form-control-wrap\" data-name=\"your-name\"><input size=\"40\" maxlength=\"400\" class=\"wpcf7-form-control wpcf7-text wpcf7-validates-as-required\" aria-required=\"true\" aria-invalid=\"false\" placeholder=\"Su nombre\" value=\"\" type=\"text\" name=\"your-name\" \/><\/span>\n\t<\/p>\n<\/div>\n<div class=\"col-sm-6 col-xs-12 second\">\n\t<p><label>Tel\u00e9fono\/Celular<\/label><br \/>\n<span class=\"wpcf7-form-control-wrap\" data-name=\"your-telefono\"><input size=\"40\" maxlength=\"400\" class=\"wpcf7-form-control wpcf7-tel wpcf7-validates-as-required wpcf7-text wpcf7-validates-as-tel\" aria-required=\"true\" aria-invalid=\"false\" placeholder=\"Tel\/Celular\" value=\"\" type=\"tel\" name=\"your-telefono\" \/><\/span>\n\t<\/p>\n<\/div>\n<div class=\"col-sm-6 col-xs-12 first\">\n\t<p><label>Asunto<\/label><br \/>\n<span class=\"wpcf7-form-control-wrap\" data-name=\"your-subject\"><select class=\"wpcf7-form-control wpcf7-select wpcf7-validates-as-required\" aria-required=\"true\" aria-invalid=\"false\" name=\"your-subject\"><option value=\"Alquiler\">Alquiler<\/option><option value=\"Presupuesto\">Presupuesto<\/option><option value=\"Compra\">Compra<\/option><option value=\"General\">General<\/option><\/select><\/span>\n\t<\/p>\n<\/div>\n<div class=\"col-sm-6 col-xs-12 second\">\n\t<p><label>Correo<\/label><br \/>\n<span class=\"wpcf7-form-control-wrap\" data-name=\"your-email\"><input size=\"40\" maxlength=\"400\" class=\"wpcf7-form-control wpcf7-email wpcf7-text wpcf7-validates-as-email\" aria-invalid=\"false\" value=\"Escriba su correo\" type=\"email\" name=\"your-email\" \/><\/span>\n\t<\/p>\n<\/div>\n<div class=\"col-xs-12\" style=\"padding-left: 0px;\">\n\t<p><label>Mensaje<\/label><br \/>\n<span class=\"wpcf7-form-control-wrap\" data-name=\"your-message\"><textarea cols=\"40\" rows=\"10\" maxlength=\"2000\" class=\"wpcf7-form-control wpcf7-textarea\" aria-invalid=\"false\" placeholder=\"Escriba su mensaje aqu\u00ed\" name=\"your-message\"><\/textarea><\/span>\n\t<\/p>\n<\/div>\n<div class=\"col-sm-6 col-xs-12\">\n\t<div class=\"cf7-submit-btn-push\">\n\t\t<p><input class=\"wpcf7-form-control wpcf7-submit has-spinner\" type=\"submit\" value=\"Enviar\" \/>\n\t\t<\/p>\n\t<\/div>\n<\/div><input type='hidden' class='wpcf7-pum' value='{\"closepopup\":false,\"closedelay\":0,\"openpopup\":false,\"openpopup_id\":0}' \/><div class=\"wpcf7-response-output\" aria-hidden=\"true\"><\/div>\n<\/form>\n<\/div>\n[\/vc_column][\/vc_row]<\/p>\n","protected":false},"excerpt":{"rendered":"<p>[vc_row][vc_column][construction_custom_heading heading_weight=&#8221;theme_default&#8221; heading_transform=&#8221;uppercase&#8221; heading_alignnment=&#8221;left&#8221; heading_tag=&#8221;h2&#8243; heading_color_type=&#8221;normal&#8221; heading_icon_switch=&#8221;no&#8221; heading_title=&#8221;Satisfacer, Optimizar, Crecer Juntos&#8221; heading_size=&#8221;50&#8243; custom_class=&#8221;fancy_heading_bottom&#8221;][vc_empty_space][vc_column_text]Entre los objetivos, est\u00e1 el de satisfacer las necesidades de cualquier cliente que se encuentre en una obra&#8230;<\/p>\n","protected":false},"author":1,"featured_media":0,"parent":0,"menu_order":0,"comment_status":"closed","ping_status":"closed","template":"","meta":{"footnotes":""},"class_list":["post-345","page","type-page","status-publish","hentry"],"_links":{"self":[{"href":"https:\/\/www.rentalpowerargentina.com\/rental\/wp-json\/wp\/v2\/pages\/345","targetHints":{"allow":["GET"]}}],"collection":[{"href":"https:\/\/www.rentalpowerargentina.com\/rental\/wp-json\/wp\/v2\/pages"}],"about":[{"href":"https:\/\/www.rentalpowerargentina.com\/rental\/wp-json\/wp\/v2\/types\/page"}],"author":[{"embeddable":true,"href":"https:\/\/www.rentalpowerargentina.com\/rental\/wp-json\/wp\/v2\/users\/1"}],"replies":[{"embeddable":true,"href":"https:\/\/www.rentalpowerargentina.com\/rental\/wp-json\/wp\/v2\/comments?post=345"}],"version-history":[{"count":8,"href":"https:\/\/www.rentalpowerargentina.com\/rental\/wp-json\/wp\/v2\/pages\/345\/revisions"}],"predecessor-version":[{"id":1160,"href":"https:\/\/www.rentalpowerargentina.com\/rental\/wp-json\/wp\/v2\/pages\/345\/revisions\/1160"}],"wp:attachment":[{"href":"https:\/\/www.rentalpowerargentina.com\/rental\/wp-json\/wp\/v2\/media?parent=345"}],"curies":[{"name":"wp","href":"https:\/\/api.w.org\/{rel}","templated":true}]}}