{"id":1174,"date":"2022-03-28T21:38:22","date_gmt":"2022-03-29T00:38:22","guid":{"rendered":"http:\/\/www.rentalpowerargentina.com\/rental\/?page_id=1174"},"modified":"2022-03-28T21:52:52","modified_gmt":"2022-03-29T00:52:52","slug":"servicios-2","status":"publish","type":"page","link":"https:\/\/www.rentalpowerargentina.com\/rental\/servicios-2\/","title":{"rendered":"Servicios"},"content":{"rendered":"\n<p>Adem\u00e1s de los tradicionales alquiler y venta de m\u00e1quinas y andamios, la apuesta es brindar al cliente una amplia variedad de servicios que nos distinguen y confirman nuestro compromiso. Para ello, Rental Power Argentina afianz\u00f3 las \u00e1reas existentes y se uni\u00f3 a\u00a0<span style=\"color: #ff0000;\"><strong>Grupo Romeco (Wacker Neuson) , Gr\u00faa San Blas (Bobcat &#8211; Sany)<\/strong><\/span>, entre otras Alianzas.<\/p>\n","protected":false},"excerpt":{"rendered":"<p>Adem\u00e1s de los tradicionales alquiler y venta de m\u00e1quinas y andamios, la apuesta es brindar al cliente una amplia variedad de servicios que nos distinguen y confirman nuestro compromiso. Para&#8230;<\/p>\n","protected":false},"author":1,"featured_media":1172,"parent":0,"menu_order":0,"comment_status":"closed","ping_status":"closed","template":"","meta":{"footnotes":""},"class_list":["post-1174","page","type-page","status-publish","has-post-thumbnail","hentry"],"_links":{"self":[{"href":"https:\/\/www.rentalpowerargentina.com\/rental\/wp-json\/wp\/v2\/pages\/1174","targetHints":{"allow":["GET"]}}],"collection":[{"href":"https:\/\/www.rentalpowerargentina.com\/rental\/wp-json\/wp\/v2\/pages"}],"about":[{"href":"https:\/\/www.rentalpowerargentina.com\/rental\/wp-json\/wp\/v2\/types\/page"}],"author":[{"embeddable":true,"href":"https:\/\/www.rentalpowerargentina.com\/rental\/wp-json\/wp\/v2\/users\/1"}],"replies":[{"embeddable":true,"href":"https:\/\/www.rentalpowerargentina.com\/rental\/wp-json\/wp\/v2\/comments?post=1174"}],"version-history":[{"count":4,"href":"https:\/\/www.rentalpowerargentina.com\/rental\/wp-json\/wp\/v2\/pages\/1174\/revisions"}],"predecessor-version":[{"id":1181,"href":"https:\/\/www.rentalpowerargentina.com\/rental\/wp-json\/wp\/v2\/pages\/1174\/revisions\/1181"}],"wp:featuredmedia":[{"embeddable":true,"href":"https:\/\/www.rentalpowerargentina.com\/rental\/wp-json\/wp\/v2\/media\/1172"}],"wp:attachment":[{"href":"https:\/\/www.rentalpowerargentina.com\/rental\/wp-json\/wp\/v2\/media?parent=1174"}],"curies":[{"name":"wp","href":"https:\/\/api.w.org\/{rel}","templated":true}]}}