{"id":1197,"date":"2022-03-29T11:23:54","date_gmt":"2022-03-29T14:23:54","guid":{"rendered":"http:\/\/www.rentalpowerargentina.com\/rental\/?page_id=1197"},"modified":"2022-03-29T11:39:54","modified_gmt":"2022-03-29T14:39:54","slug":"fotovoltaicas","status":"publish","type":"page","link":"http:\/\/www.rentalpowerargentina.com\/rental\/fotovoltaicas\/","title":{"rendered":"Instalaciones Fotovoltaicas"},"content":{"rendered":"\n\n\n<h2 class=\"wp-block-heading\"><strong>Soluciones On grid \u2013 Off grid \u2013 H\u00edbridas<\/strong><\/h2>\n\n\n\n<p>Consultor\u00eda en proyectos renovables.\u00a0 Soluciones llave en mano.<\/p>\n<ul>\n<li>Desarrollos personalizados de fronteras tecnol\u00f3gicas para cada proyecto.<\/li>\n<li>Asesoramiento e instalaci\u00f3n en todo el pa\u00eds.<\/li>\n<li>Compromiso responsable y sostenible. Contamos con la certificaci\u00f3n ISO 14001:2015 Gesti\u00f3n Ambiental.<\/li>\n<\/ul>\n<p>Contamos con servicio de postventa y mantenimiento. Adem\u00e1s, pod\u00e9s contar con nuestro servicio de Plataforma Digital Aercom 4.0 para poder analizar y controlar la instalaci\u00f3n de forma remota, detectando fallas y alertas anticipadamente.<\/p>\n<p><strong>SOLUCIONES H\u00cdBRIDAS<\/strong><\/p>\n<h3><strong>Integraci\u00f3n Energ\u00eda Fotovoltaica + Grupos Electr\u00f3genos.<\/strong><\/h3>\n<p>Un sistema de generaci\u00f3n h\u00edbrido est\u00e1 formado por el aprovechamiento de energ\u00eda solar mediante la generaci\u00f3n fotovoltaica y otra fuente de energ\u00eda, un grupo electr\u00f3geno. Brinda una soluci\u00f3n energ\u00e9tica en lugares donde no existe tendido el\u00e9ctrico o el mismo necesita de energ\u00eda de respaldo.<\/p>\n<p><img loading=\"lazy\" decoding=\"async\" class=\"alignnone size-medium wp-image-1205\" src=\"http:\/\/www.rentalpowerargentina.com\/rental\/wp-content\/uploads\/2022\/03\/039D925B-4FDE-4807-94E8-458C1FD9E668-300x199.jpeg\" alt=\"\" width=\"300\" height=\"199\" srcset=\"http:\/\/www.rentalpowerargentina.com\/rental\/wp-content\/uploads\/2022\/03\/039D925B-4FDE-4807-94E8-458C1FD9E668-300x199.jpeg 300w, http:\/\/www.rentalpowerargentina.com\/rental\/wp-content\/uploads\/2022\/03\/039D925B-4FDE-4807-94E8-458C1FD9E668-600x398.jpeg 600w, http:\/\/www.rentalpowerargentina.com\/rental\/wp-content\/uploads\/2022\/03\/039D925B-4FDE-4807-94E8-458C1FD9E668.jpeg 640w\" sizes=\"auto, (max-width: 300px) 100vw, 300px\" \/><img loading=\"lazy\" decoding=\"async\" class=\"alignnone  wp-image-1206\" src=\"http:\/\/www.rentalpowerargentina.com\/rental\/wp-content\/uploads\/2022\/03\/86508737-EC2C-45A8-9FD5-AD9FC6830083-300x223.jpeg\" alt=\"\" width=\"268\" height=\"197\" \/><img loading=\"lazy\" decoding=\"async\" class=\"alignnone  wp-image-1207\" src=\"http:\/\/www.rentalpowerargentina.com\/rental\/wp-content\/uploads\/2022\/03\/IMG_5536-300x225-1.jpg\" alt=\"\" width=\"264\" height=\"197\" \/><\/p>\n","protected":false},"excerpt":{"rendered":"<p>Soluciones On grid \u2013 Off grid \u2013 H\u00edbridas Consultor\u00eda en proyectos renovables.\u00a0 Soluciones llave en mano. Desarrollos personalizados de fronteras tecnol\u00f3gicas para cada proyecto. Asesoramiento e instalaci\u00f3n en todo el&#8230;<\/p>\n","protected":false},"author":1,"featured_media":0,"parent":0,"menu_order":0,"comment_status":"closed","ping_status":"closed","template":"","meta":{"footnotes":""},"class_list":["post-1197","page","type-page","status-publish","hentry"],"_links":{"self":[{"href":"http:\/\/www.rentalpowerargentina.com\/rental\/wp-json\/wp\/v2\/pages\/1197","targetHints":{"allow":["GET"]}}],"collection":[{"href":"http:\/\/www.rentalpowerargentina.com\/rental\/wp-json\/wp\/v2\/pages"}],"about":[{"href":"http:\/\/www.rentalpowerargentina.com\/rental\/wp-json\/wp\/v2\/types\/page"}],"author":[{"embeddable":true,"href":"http:\/\/www.rentalpowerargentina.com\/rental\/wp-json\/wp\/v2\/users\/1"}],"replies":[{"embeddable":true,"href":"http:\/\/www.rentalpowerargentina.com\/rental\/wp-json\/wp\/v2\/comments?post=1197"}],"version-history":[{"count":5,"href":"http:\/\/www.rentalpowerargentina.com\/rental\/wp-json\/wp\/v2\/pages\/1197\/revisions"}],"predecessor-version":[{"id":1212,"href":"http:\/\/www.rentalpowerargentina.com\/rental\/wp-json\/wp\/v2\/pages\/1197\/revisions\/1212"}],"wp:attachment":[{"href":"http:\/\/www.rentalpowerargentina.com\/rental\/wp-json\/wp\/v2\/media?parent=1197"}],"curies":[{"name":"wp","href":"https:\/\/api.w.org\/{rel}","templated":true}]}}